{"id":11,"date":"2021-05-02T10:42:49","date_gmt":"2021-05-02T10:42:49","guid":{"rendered":"https:\/\/dunkle-leidenschaft.de\/?page_id=11"},"modified":"2026-01-02T15:05:39","modified_gmt":"2026-01-02T15:05:39","slug":"ueber-mich","status":"publish","type":"page","link":"https:\/\/dunkle-leidenschaft.de\/?page_id=11","title":{"rendered":"\u00dcber mich"},"content":{"rendered":"\n<div class=\"wp-block-columns is-layout-flex wp-container-core-columns-is-layout-9d6595d7 wp-block-columns-is-layout-flex\">\n<div class=\"wp-block-column is-layout-flow wp-block-column-is-layout-flow\" style=\"flex-basis:100%\">\n<div class=\"wp-block-media-text alignwide is-stacked-on-mobile\" style=\"grid-template-columns:33% auto\"><figure class=\"wp-block-media-text__media\"><img loading=\"lazy\" decoding=\"async\" width=\"768\" height=\"1024\" src=\"https:\/\/dunkle-leidenschaft.de\/wp-content\/uploads\/2023\/05\/Chris-Drescher-768x1024.jpg\" alt=\"\" class=\"wp-image-486 size-full\" srcset=\"https:\/\/dunkle-leidenschaft.de\/wp-content\/uploads\/2023\/05\/Chris-Drescher-768x1024.jpg 768w, https:\/\/dunkle-leidenschaft.de\/wp-content\/uploads\/2023\/05\/Chris-Drescher-225x300.jpg 225w, https:\/\/dunkle-leidenschaft.de\/wp-content\/uploads\/2023\/05\/Chris-Drescher-1152x1536.jpg 1152w, https:\/\/dunkle-leidenschaft.de\/wp-content\/uploads\/2023\/05\/Chris-Drescher-1536x2048.jpg 1536w, https:\/\/dunkle-leidenschaft.de\/wp-content\/uploads\/2023\/05\/Chris-Drescher-580x773.jpg 580w, https:\/\/dunkle-leidenschaft.de\/wp-content\/uploads\/2023\/05\/Chris-Drescher-860x1147.jpg 860w, https:\/\/dunkle-leidenschaft.de\/wp-content\/uploads\/2023\/05\/Chris-Drescher-1160x1547.jpg 1160w, https:\/\/dunkle-leidenschaft.de\/wp-content\/uploads\/2023\/05\/Chris-Drescher-scaled.jpg 1920w\" sizes=\"auto, (max-width: 768px) 100vw, 768px\" \/><\/figure><div class=\"wp-block-media-text__content\">\n<p>Aufgewachsen in der N\u00e4he von Stuttgart, habe ich 2019 angefangen, unter dem Pseudonym Chris Drescher Dark Romance Romane zu schreiben und lebte auf diesem Weg meine Fantasien aus.<\/p>\n\n\n\n<p>Durch eine gl\u00fcckliche F\u00fcgung und mit Hilfe des Buchs `<a href=\"https:\/\/www.amazon.de\/Jolandas-Unterwerfung-Chris-Drescher-ebook\/dp\/B08B4PC8H7\/ref=sr_1_1?__mk_de_DE=\u00c5M\u00c5\u017d\u00d5\u00d1&amp;dchild=1&amp;keywords=Jolandas+unterwerfung&amp;qid=1620068535&amp;s=digital-text&amp;sr=1-1\" target=\"_blank\" rel=\"noreferrer noopener\">Jolandas Unterwerfung<\/a>\u00b4 lernte ich 2020 meinen ersten Dom kennen. Mittlerweile lebe ich im S\u00fcden M\u00fcnchens und lebe mich intensiv aus.<\/p>\n\n\n\n<p>Durch viel Fantasie und einige Erlebnisse sammle ich die Ideen f\u00fcr meine Romane. Auch viele der Szenen \u201eerarbeite\u201c ich im echten Leben. Beim Schreiben meiner B\u00fccher lebe ich immer gerne meine devote Seite mit viel Leidenschaft aus. <\/p>\n\n\n\n<p>Wenn ich nicht gerade schreibe, halte ich mich gerne in der Natur auf und entdecke dabei viele interessante neue Orte.<\/p>\n\n\n\n<p>Folgt mir doch einfach hier, auf <a href=\"https:\/\/www.amazon.de\/Chris-Drescher\/e\/B07YHW3YTF?ref=sr_ntt_srch_lnk_1&amp;qid=1620068491&amp;sr=8-1\" target=\"_blank\" rel=\"noreferrer noopener\">Amazon<\/a> oder auf <a href=\"https:\/\/www.facebook.com\/Autorin-Chris-Drescher-100842621660492\" target=\"_blank\" rel=\"noreferrer noopener\">Facebook<\/a>, um immer auf dem Laufenden zu bleiben.<\/p>\n<\/div><\/div>\n<\/div>\n<\/div>\n","protected":false},"excerpt":{"rendered":"<p>Aufgewachsen in der N\u00e4he von Stuttgart, habe ich 2019 angefangen, unter dem Pseudonym Chris Drescher Dark Romance Romane zu schreiben und lebte auf diesem Weg meine Fantasien aus. Durch eine gl\u00fcckliche F\u00fcgung und mit Hilfe des Buchs `Jolandas Unterwerfung\u00b4 lernte ich 2020 meinen ersten Dom kennen. Mittlerweile lebe ich im S\u00fcden M\u00fcnchens und lebe mich&#8230;<\/p>\n","protected":false},"author":1,"featured_media":486,"parent":0,"menu_order":0,"comment_status":"closed","ping_status":"closed","template":"","meta":{"footnotes":""},"class_list":["post-11","page","type-page","status-publish","has-post-thumbnail","hentry"],"_links":{"self":[{"href":"https:\/\/dunkle-leidenschaft.de\/index.php?rest_route=\/wp\/v2\/pages\/11","targetHints":{"allow":["GET"]}}],"collection":[{"href":"https:\/\/dunkle-leidenschaft.de\/index.php?rest_route=\/wp\/v2\/pages"}],"about":[{"href":"https:\/\/dunkle-leidenschaft.de\/index.php?rest_route=\/wp\/v2\/types\/page"}],"author":[{"embeddable":true,"href":"https:\/\/dunkle-leidenschaft.de\/index.php?rest_route=\/wp\/v2\/users\/1"}],"replies":[{"embeddable":true,"href":"https:\/\/dunkle-leidenschaft.de\/index.php?rest_route=%2Fwp%2Fv2%2Fcomments&post=11"}],"version-history":[{"count":17,"href":"https:\/\/dunkle-leidenschaft.de\/index.php?rest_route=\/wp\/v2\/pages\/11\/revisions"}],"predecessor-version":[{"id":548,"href":"https:\/\/dunkle-leidenschaft.de\/index.php?rest_route=\/wp\/v2\/pages\/11\/revisions\/548"}],"wp:featuredmedia":[{"embeddable":true,"href":"https:\/\/dunkle-leidenschaft.de\/index.php?rest_route=\/wp\/v2\/media\/486"}],"wp:attachment":[{"href":"https:\/\/dunkle-leidenschaft.de\/index.php?rest_route=%2Fwp%2Fv2%2Fmedia&parent=11"}],"curies":[{"name":"wp","href":"https:\/\/api.w.org\/{rel}","templated":true}]}}